{"id":937,"date":"2022-05-30T01:54:10","date_gmt":"2022-05-30T01:54:10","guid":{"rendered":"https:\/\/ciudaddelfuturo.science-bits.com\/?page_id=937"},"modified":"2022-05-30T02:06:59","modified_gmt":"2022-05-30T02:06:59","slug":"el-proyecto-4-2-3-2","status":"publish","type":"page","link":"https:\/\/ciudaddelfuturo.science-bits.com\/?page_id=937","title":{"rendered":"Semana 3"},"content":{"rendered":"\n<p><\/p>\n\n\n<div class=\"gb-grid-column gb-grid-column-8a2b9fd1\"><div class=\"gb-container gb-container-8a2b9fd1\"><div class=\"gb-inside-container\">\n\n<h4 class=\"gb-headline gb-headline-2f856777 gb-headline-text\">\u00a1Bienvenidos a la Tercera Etapa del Proyecto Ciudad del Futuro Science Bits! <\/h4>\n\n\n<div class=\"gb-container gb-container-5de97204\"><div class=\"gb-inside-container\">\n\n<p>Le damos la bienvenida a esta tercera semana de nuestro proyecto sobre la Ciudad del Futuro. En esta etapa, estudiaremos los efectos de la urbanizaci\u00f3n en el cambio clim\u00e1tico en cada uno de los lugares en los que se encuentren nuestras escuelas y c\u00f3mo ello puede haber influido sobre lo que observamos en la etapa anterior respecto al cambio clim\u00e1tico.<\/p>\n\n\n\n<p><em><strong>NOTA<\/strong>: Les recordamos que no hay un l\u00edmite ni un plazo para completar cada una de las etapas, y a medida que lo vayan haciendo y nos lo env\u00eden, estaremos agregando sus respuestas para generar recursos para todos.<\/em><\/p>\n\n\n\n<p><\/p>\n\n\n\n<h2 class=\"gb-headline gb-headline-6bee5ad5 gb-headline-text\"><strong>Consignas Semana <\/strong>3 <\/h2>\n\n\n\n<h3 class=\"gb-headline gb-headline-15ec39c5 gb-headline-text\">Percepci\u00f3n vs. variables<\/h3>\n\n\n\n<p>Pueden encontrar los resultados actualizados de la encuesta en el <a href=\"https:\/\/ciudaddelfuturo.science-bits.com\/\">Home del Proyecto<\/a>. tambi\u00e9n estamos enviando resultados personalizados para cada una de las escuelas en las que hemos registrado m\u00e1s de 30 respuestas. Resulta muy interesante analizar las variables con lo que la percepci\u00f3n de las personas.<\/p>\n\n\n\n<p>Como primera consigna, <strong>los invitamos a comparar los resultados de la encuesta para su lugar de origen en caso que los tengan, o, de otra forma, los resultados globales, en relaci\u00f3n con la comparaci\u00f3n de la variables que han podido investigar.<\/strong> \u00bfHay diferencias? \u00bfC\u00f3mo se pueden explicar las sensaciones de las personas que respondieron la encuesta?<\/p>\n\n\n\n<h3 class=\"gb-headline gb-headline-0f841bd9 gb-headline-text\">Relaci\u00f3n entre urbanizaci\u00f3n y cambio clim\u00e1tico<\/h3>\n\n\n\n<p>Como es l\u00f3gico, los cambios en la superficie construida y el consiguiente deterioro de los espacios naturales utilizados para esas construcciones pueden llegar a tener alguna influencia sobre el cambio en el clima en una regi\u00f3n determinada. En esta secci\u00f3n vamos a estudiar la relaci\u00f3n entre urbanizaci\u00f3n y cambio clim\u00e1tico.<\/p>\n\n\n\n<p>Los invitamos a explorar los siguientes sitios que contienen informaci\u00f3n al respecto:<\/p>\n\n\n<div class=\"gb-container gb-container-1dd93f51\"><div class=\"gb-inside-container\">\n<div style=\"clear:both;\"><\/div><div id=\"list-wplf\" class=\"listid-wplf wplf-display\"><div id=\"wplf_list-item-0\" class=\"list-item wplf-item\">\r\n\t\t\t\t<a class=\"wplf_link\" href=\"https:\/\/www.prb.org\/resources\/urbanization-an-environmental-force-to-be-reckoned-with\/\" target=\"_blank\">\r\n\t\t\t\t<div class=\"list-img\"><img loading=\"lazy\" decoding=\"async\" width=\"300\" height=\"209\" src=\"https:\/\/ciudaddelfuturo.science-bits.com\/wp-content\/uploads\/wp-links-page\/UrbanizationandClimate1652129117-300x209.jpg\" class=\"attachment-medium size-medium\" alt=\"\" style=\"border: 3px solid black; box-shadow: 0 5px 10px 0 rgba(0,0,0,0.2),0 5px 15px 0 rgba(0,0,0,0.19);\" srcset=\"https:\/\/ciudaddelfuturo.science-bits.com\/wp-content\/uploads\/wp-links-page\/UrbanizationandClimate1652129117-300x209.jpg 300w, https:\/\/ciudaddelfuturo.science-bits.com\/wp-content\/uploads\/wp-links-page\/UrbanizationandClimate1652129117.jpg 500w\" sizes=\"auto, (max-width: 300px) 100vw, 300px\" \/><\/div>\r\n\t\t\t\t<p class=\"wplf_display\" style=\"\" >Urbanization and Climate<\/p>\r\n\t\t\t\t<\/a><p class=\"wplf_desc\" style=\"\">C\u00f3mo la urbanizaci\u00f3n afecta el clima.<\/p>\r\n\t\t\t\t<\/div>\r\n\t\t\t\t<hr><div id=\"wplf_list-item-1\" class=\"list-item wplf-item\">\r\n\t\t\t\t<a class=\"wplf_link\" href=\"https:\/\/www.newsecuritybeat.org\/2021\/09\/challenges-climate-change-urbanizing-world\/\" target=\"_blank\">\r\n\t\t\t\t<div class=\"list-img\"><img loading=\"lazy\" decoding=\"async\" width=\"300\" height=\"209\" src=\"https:\/\/ciudaddelfuturo.science-bits.com\/wp-content\/uploads\/wp-links-page\/UrbanizacinyCambioClimtico1652131622-300x209.jpg\" class=\"attachment-medium size-medium\" alt=\"\" style=\"border: 3px solid black; box-shadow: 0 5px 10px 0 rgba(0,0,0,0.2),0 5px 15px 0 rgba(0,0,0,0.19);\" srcset=\"https:\/\/ciudaddelfuturo.science-bits.com\/wp-content\/uploads\/wp-links-page\/UrbanizacinyCambioClimtico1652131622-300x209.jpg 300w, https:\/\/ciudaddelfuturo.science-bits.com\/wp-content\/uploads\/wp-links-page\/UrbanizacinyCambioClimtico1652131622.jpg 500w\" sizes=\"auto, (max-width: 300px) 100vw, 300px\" \/><\/div>\r\n\t\t\t\t<p class=\"wplf_display\" style=\"\" >Urbanizaci\u00f3n y Cambio Clim\u00e1tico<\/p>\r\n\t\t\t\t<\/a><p class=\"wplf_desc\" style=\"\">Relaci\u00f3n entre urbanizaci\u00f3n y cambio clim\u00e1tico.<\/p>\r\n\t\t\t\t<\/div>\r\n\t\t\t\t<hr><div id=\"wplf_list-item-2\" class=\"list-item wplf-item\">\r\n\t\t\t\t<a class=\"wplf_link\" href=\"https:\/\/www.nationalgeographic.es\/medio-ambiente\/amenazas-de-la-urbanizacion\" target=\"_blank\">\r\n\t\t\t\t<div class=\"list-img\"><img loading=\"lazy\" decoding=\"async\" width=\"300\" height=\"207\" src=\"https:\/\/ciudaddelfuturo.science-bits.com\/wp-content\/uploads\/2022\/03\/1-300x207.png\" class=\"attachment-medium size-medium\" alt=\"\" style=\"border: 3px solid black; box-shadow: 0 5px 10px 0 rgba(0,0,0,0.2),0 5px 15px 0 rgba(0,0,0,0.19);\" srcset=\"https:\/\/ciudaddelfuturo.science-bits.com\/wp-content\/uploads\/2022\/03\/1-300x207.png 300w, https:\/\/ciudaddelfuturo.science-bits.com\/wp-content\/uploads\/2022\/03\/1-768x530.png 768w, https:\/\/ciudaddelfuturo.science-bits.com\/wp-content\/uploads\/2022\/03\/1.png 911w\" sizes=\"auto, (max-width: 300px) 100vw, 300px\" \/><\/div>\r\n\t\t\t\t<p class=\"wplf_display\" style=\"\" >National Geographic - Amenazas de la Urbanizaci\u00f3n<\/p>\r\n\t\t\t\t<\/a><p class=\"wplf_desc\" style=\"\">Efectos de la urbanizaci\u00f3n, sus amenazas al medio ambiente.<\/p>\r\n\t\t\t\t<\/div>\r\n\t\t\t\t<hr><\/div><div style=\"clear:both;\"><\/div>\n\n<\/div><\/div>\n\n\n<h3 class=\"gb-headline gb-headline-e8054b06 gb-headline-text\">Comparaci\u00f3n de densidad de poblaci\u00f3n<\/h3>\n\n\n\n<p>El siguiente sitio permite comparar gr\u00e1ficamente la densidad poblacional desde 1975 hasta 2015:<\/p>\n\n\n<div class=\"gb-container gb-container-dda79e38\"><div class=\"gb-inside-container\">\n<div style=\"clear:both;\"><\/div><div id=\"list-wplf\" class=\"listid-wplf wplf-display\"><div id=\"wplf_list-item-0\" class=\"list-item wplf-item\">\r\n\t\t\t\t<a class=\"wplf_link\" href=\"http:\/\/luminocity3d.org\/WorldPopDen\/#3\/23.00\/-16.17\" target=\"_blank\">\r\n\t\t\t\t<div class=\"list-img\"><img loading=\"lazy\" decoding=\"async\" width=\"300\" height=\"209\" src=\"https:\/\/ciudaddelfuturo.science-bits.com\/wp-content\/uploads\/wp-links-page\/Luminocity3D1652132726-300x209.jpg\" class=\"attachment-medium size-medium\" alt=\"\" style=\"border: 3px solid black; box-shadow: 0 5px 10px 0 rgba(0,0,0,0.2),0 5px 15px 0 rgba(0,0,0,0.19);\" srcset=\"https:\/\/ciudaddelfuturo.science-bits.com\/wp-content\/uploads\/wp-links-page\/Luminocity3D1652132726-300x209.jpg 300w, https:\/\/ciudaddelfuturo.science-bits.com\/wp-content\/uploads\/wp-links-page\/Luminocity3D1652132726.jpg 500w\" sizes=\"auto, (max-width: 300px) 100vw, 300px\" \/><\/div>\r\n\t\t\t\t<p class=\"wplf_display\" style=\"\" >Luminocity 3D<\/p>\r\n\t\t\t\t<\/a><p class=\"wplf_desc\" style=\"\">Mapa interactivo de densidad de poblaci\u00f3n.<\/p>\r\n\t\t\t\t<\/div>\r\n\t\t\t\t<hr><\/div><div style=\"clear:both;\"><\/div>\n\n<\/div><\/div>\n\n\n<p><strong>Investigar, para el lugar de origen de cada escuela, como ha variado la densidad poblacional en ese per\u00edodo. Les pedimos que elaboren una tabla con esos valores y que formulen alguna conclusi\u00f3n al respecto.<\/strong><\/p>\n\n\n\n<p>Este sitio permite, para algunas ciudades, comparar la densidad poblacional desde 1950 adelante, y, adem\u00e1s, permite efectuar proyecciones a futuro.<\/p>\n\n\n<div class=\"gb-container gb-container-6dd37642\"><div class=\"gb-inside-container\">\n<div style=\"clear:both;\"><\/div><div id=\"list-wplf\" class=\"listid-wplf wplf-display\"><div id=\"wplf_list-item-0\" class=\"list-item wplf-item\">\r\n\t\t\t\t<a class=\"wplf_link\" href=\"http:\/\/luminocity3d.org\/WorldCity\/#3\/-18.90\/-4.39\" target=\"_blank\">\r\n\t\t\t\t<div class=\"list-img\"><img loading=\"lazy\" decoding=\"async\" width=\"300\" height=\"209\" src=\"https:\/\/ciudaddelfuturo.science-bits.com\/wp-content\/uploads\/wp-links-page\/MapaInteractivoconCambiosdePoblacin1652132708-300x209.jpg\" class=\"attachment-medium size-medium\" alt=\"\" style=\"border: 3px solid black; box-shadow: 0 5px 10px 0 rgba(0,0,0,0.2),0 5px 15px 0 rgba(0,0,0,0.19);\" srcset=\"https:\/\/ciudaddelfuturo.science-bits.com\/wp-content\/uploads\/wp-links-page\/MapaInteractivoconCambiosdePoblacin1652132708-300x209.jpg 300w, https:\/\/ciudaddelfuturo.science-bits.com\/wp-content\/uploads\/wp-links-page\/MapaInteractivoconCambiosdePoblacin1652132708.jpg 500w\" sizes=\"auto, (max-width: 300px) 100vw, 300px\" \/><\/div>\r\n\t\t\t\t<p class=\"wplf_display\" style=\"\" >Mapa Interactivo con Cambios de Poblaci\u00f3n<\/p>\r\n\t\t\t\t<\/a><p class=\"wplf_desc\" style=\"\">Mapa interactivo con cambios de poblaci\u00f3n entre 1950 y proyectado a 2035.<\/p>\r\n\t\t\t\t<\/div>\r\n\t\t\t\t<hr><\/div><div style=\"clear:both;\"><\/div>\n\n<\/div><\/div>\n\n\n<p><strong>En caso de estar la ciudad de origen de su escuela en esta estad\u00edstica, investigar los valores y como se proyecta la variaci\u00f3n en la densidad de poblaci\u00f3n hasta los 2035. \u00bfQu\u00e9 implicancias puede tener esto?<\/strong><\/p>\n\n\n\n<h3 class=\"gb-headline gb-headline-3cf98c56 gb-headline-text\">Cambios en las superficies construidas.<\/h3>\n\n\n\n<p>Google Earth es una herramienta muy conocida que, adem\u00e1s, permite visualizar mapas satelitales hist\u00f3ricos en cada lugar. Su funci\u00f3n <a href=\"https:\/\/earthengine.google.com\/timelapse\/\">TimeLapse<\/a> muestra mapas satelitales de pr\u00e1cticamente toda la tierra desde 1984 hasta 2020.<\/p>\n\n\n\n<p>En esta consigna, nos proponemos investigar c\u00f3mo fue variando nuestra zona de origen en ese lapso.<\/p>\n\n\n\n<p>Les proponemos investigar y sacar conclusiones a partir de <strong>capturas de fotos correspondientes al lugar de origen de su escuela, desde 1984 hasta ahora, para ver c\u00f3mo ha variado la proporci\u00f3n entre lo construido y las \u00e1reas naturales. Por favor incluir en el informe las capturas de las fotos de los a\u00f1os que consideren relevantes para el an\u00e1lisis y las conclusiones que hayan podido obtener de dicho estudio.<\/strong><\/p>\n\n\n\n<h2 class=\"gb-headline gb-headline-c7aae4d6 gb-headline-text\">Env\u00edo de las respuestas<\/h2>\n\n\n\n<p><strong>Les solicitamos env\u00eden sus respuestas a <a href=\"mailto:cfsciencebits@thelearnerspace.org\">cfsciencebits@thelearnerspace.org<\/a>, como un archivo adjunto PDF conteniendo las respuestas. <\/strong>El formato de las respuestas a cada una de las preguntas es libre, y les pedimos que identifiquen el nombre de su colegio en el encabezado del documento.<\/p>\n\n\n\n<p>Muchas gracias, y ante cualquier duda, pueden escribirnos a <a href=\"mailto:cfsciencebits@thelearnerspace.org\">cfsciencebits@thelearnerspace.org <\/a><\/p>\n\n<\/div><\/div>\n\n<div class=\"gb-container gb-container-ce5e6a44\"><div class=\"gb-inside-container\"><\/div><\/div>\n<\/div><\/div><\/div>","protected":false},"excerpt":{"rendered":"<p>\u00a1Bienvenidos a la Tercera Etapa del Proyecto Ciudad del Futuro Science Bits! Le damos la bienvenida a esta tercera semana de nuestro proyecto sobre la Ciudad del Futuro. En esta etapa, estudiaremos los efectos de la urbanizaci\u00f3n en el cambio clim\u00e1tico en cada uno de los lugares en los que se encuentren nuestras escuelas y &#8230; <a title=\"http:\/\/luminocity3d.org\/WorldCity\/#3\/-18.90\/-4.39\" class=\"read-more\" href=\"https:\/\/ciudaddelfuturo.science-bits.com\/?wplp_link=http-luminocity3d-org-worldcity-3-18-90-4-39\" aria-label=\"M\u00e1s en http:\/\/luminocity3d.org\/WorldCity\/#3\/-18.90\/-4.39\">Leer m\u00e1s<\/a><\/p>\n","protected":false},"author":3,"featured_media":0,"parent":0,"menu_order":0,"comment_status":"closed","ping_status":"closed","template":"","meta":{"footnotes":""},"class_list":["post-937","page","type-page","status-publish","hentry"],"_links":{"self":[{"href":"https:\/\/ciudaddelfuturo.science-bits.com\/index.php?rest_route=\/wp\/v2\/pages\/937","targetHints":{"allow":["GET"]}}],"collection":[{"href":"https:\/\/ciudaddelfuturo.science-bits.com\/index.php?rest_route=\/wp\/v2\/pages"}],"about":[{"href":"https:\/\/ciudaddelfuturo.science-bits.com\/index.php?rest_route=\/wp\/v2\/types\/page"}],"author":[{"embeddable":true,"href":"https:\/\/ciudaddelfuturo.science-bits.com\/index.php?rest_route=\/wp\/v2\/users\/3"}],"replies":[{"embeddable":true,"href":"https:\/\/ciudaddelfuturo.science-bits.com\/index.php?rest_route=%2Fwp%2Fv2%2Fcomments&post=937"}],"version-history":[{"count":3,"href":"https:\/\/ciudaddelfuturo.science-bits.com\/index.php?rest_route=\/wp\/v2\/pages\/937\/revisions"}],"predecessor-version":[{"id":944,"href":"https:\/\/ciudaddelfuturo.science-bits.com\/index.php?rest_route=\/wp\/v2\/pages\/937\/revisions\/944"}],"wp:attachment":[{"href":"https:\/\/ciudaddelfuturo.science-bits.com\/index.php?rest_route=%2Fwp%2Fv2%2Fmedia&parent=937"}],"curies":[{"name":"wp","href":"https:\/\/api.w.org\/{rel}","templated":true}]}}