{"id":92,"date":"2022-02-24T13:27:54","date_gmt":"2022-02-24T13:27:54","guid":{"rendered":"https:\/\/ciudaddelfuturo.science-bits.com\/?page_id=92"},"modified":"2022-06-29T20:09:31","modified_gmt":"2022-06-29T20:09:31","slug":"home-page-test-2","status":"publish","type":"page","link":"https:\/\/ciudaddelfuturo.science-bits.com\/","title":{"rendered":"Science Bits | Ciudad del Futuro"},"content":{"rendered":"<div class=\"gb-container gb-container-986aac3b\"><div class=\"gb-inside-container\">\n<div class=\"gb-grid-wrapper gb-grid-wrapper-2fe29874\">\n<div class=\"gb-grid-column gb-grid-column-8a2b9fd1\"><div class=\"gb-container gb-container-8a2b9fd1\"><div class=\"gb-inside-container\">\n\n<h2 class=\"gb-headline gb-headline-424b648d gb-headline-text\">Un concurso para crear un futuro sustentable.<\/h2>\n\n\n\n<h4 class=\"gb-headline gb-headline-2f856777 gb-headline-text\">Ciudad del Futuro Science Bits es un proyecto en el que alumnos de colegios de toda Latinoam\u00e9rica y Espa\u00f1a estudiar\u00e1n el efecto de las ciudades en el cambio clim\u00e1tico y propondr\u00e1n soluciones para dise\u00f1ar la ciudad del futuro.<\/h4>\n\n\n\n<h5 class=\"gb-headline gb-headline-873284fd gb-headline-text\">&#8211; Cambio clim\u00e1tico y urbanizaci\u00f3n. <br>&#8211; Estad\u00edsticas hist\u00f3ricas de clima. <br>&#8211; Ideas para la ciudad del futuro. <br>&#8211; Dise\u00f1o de soluciones.<\/h5>\n\n<\/div><\/div><\/div>\n\n<div class=\"gb-grid-column gb-grid-column-559c22cb\"><div class=\"gb-container gb-container-559c22cb\"><div class=\"gb-inside-container\">\n\n<figure class=\"wp-block-image size-large is-resized is-style-default\"><img decoding=\"async\" src=\"https:\/\/ciudaddelfuturo.science-bits.com\/wp-content\/uploads\/2022\/02\/Poster-tnls-edited-1.png\" alt=\"\" class=\"wp-image-225\" width=\"570\" srcset=\"https:\/\/ciudaddelfuturo.science-bits.com\/wp-content\/uploads\/2022\/02\/Poster-tnls-edited-1.png 832w, https:\/\/ciudaddelfuturo.science-bits.com\/wp-content\/uploads\/2022\/02\/Poster-tnls-edited-1-300x300.png 300w, https:\/\/ciudaddelfuturo.science-bits.com\/wp-content\/uploads\/2022\/02\/Poster-tnls-edited-1-150x150.png 150w, https:\/\/ciudaddelfuturo.science-bits.com\/wp-content\/uploads\/2022\/02\/Poster-tnls-edited-1-768x769.png 768w\" sizes=\"(max-width: 832px) 100vw, 832px\" \/><\/figure>\n\n<\/div><\/div><\/div>\n<\/div>\n<\/div><\/div>\n\n<div class=\"gb-container gb-container-d2040e0d\"><div class=\"gb-inside-container\">\n\n<div class=\"wp-block-columns is-layout-flex wp-container-core-columns-is-layout-9d6595d7 wp-block-columns-is-layout-flex\">\n<div class=\"wp-block-column is-layout-flow wp-block-column-is-layout-flow\"><div class=\"gb-container gb-container-a7eaa0c9\"><div class=\"gb-inside-container\">\n\n<h3 class=\"gb-headline gb-headline-f337685f gb-headline-text\"><a href=\"https:\/\/ciudaddelfuturo.science-bits.com\/?page_id=665\">SEMANA 1<\/a><\/h3>\n\n<\/div><\/div><\/div>\n\n\n\n<div class=\"wp-block-column is-layout-flow wp-block-column-is-layout-flow\">\n<h3 class=\"gb-headline gb-headline-767af7a7 gb-headline-text\"><a href=\"https:\/\/ciudaddelfuturo.science-bits.com\/?page_id=815\">SEMANA 2 <\/a><\/h3>\n<\/div>\n\n\n\n<div class=\"wp-block-column is-layout-flow wp-block-column-is-layout-flow\"><div class=\"gb-container gb-container-b7ad936c\"><div class=\"gb-inside-container\">\n\n<h3 class=\"gb-headline gb-headline-282e7073 gb-headline-text\"><a href=\"https:\/\/ciudaddelfuturo.science-bits.com\/?page_id=937\">SEMANA 3<\/a><\/h3>\n\n<\/div><\/div><\/div>\n\n\n\n<div class=\"wp-block-column is-layout-flow wp-block-column-is-layout-flow\">\n<h3 class=\"gb-headline gb-headline-326509ed gb-headline-text\"><a href=\"https:\/\/ciudaddelfuturo.science-bits.com\/?page_id=1015\">SEMANA 4<\/a><\/h3>\n<\/div>\n<\/div>\n\n<\/div><\/div>\n\n\n<div class=\"wp-block-columns are-vertically-aligned-top is-layout-flex wp-container-core-columns-is-layout-9d6595d7 wp-block-columns-is-layout-flex\">\n<div class=\"wp-block-column is-vertically-aligned-top is-layout-flow wp-block-column-is-layout-flow\"><div class=\"gb-container gb-container-b9b2e46a\"><div class=\"gb-inside-container\">\n\n<h3 class=\"gb-headline gb-headline-efbd0c31 gb-headline-text\"><strong>Resultados de la Encuesta General<\/strong><\/h3>\n\n\n<a href=\"https:\/\/ciudaddelfuturo.science-bits.com\/wp-content\/uploads\/2022\/06\/Datos_P2_220606.pdf\" class=\"pdfemb-viewer\" style=\"\" data-width=\"max\" data-height=\"max\" data-toolbar=\"bottom\" data-toolbar-fixed=\"off\">Datos_P2_220606<\/a>\n<p class=\"wp-block-pdfemb-pdf-embedder-viewer\"><\/p>\n\n<\/div><\/div><\/div>\n\n\n\n<div class=\"wp-block-column is-vertically-aligned-top is-layout-flow wp-block-column-is-layout-flow\"><div class=\"gb-container gb-container-56be5933\"><div class=\"gb-inside-container\">\n<div class=\"gb-container gb-container-a3735098\"><div class=\"gb-inside-container\">\n\n<h2 class=\"gb-headline gb-headline-48b9bd84 gb-headline-text\"><a href=\"https:\/\/ciudaddelfuturo.science-bits.com\/?page_id=1164\">Click aqu\u00ed para ver <br>las entregas de los colegios<\/a><\/h2>\n\n<\/div><\/div>\n\n\n<iframe loading=\"lazy\" src=\"https:\/\/www.google.com\/maps\/d\/embed?mid=1kjse3wWeWJgysc62Aa2Pyf8XYyhcD8A&amp;hl=en&amp;ehbc=2E312F\" width=\"640\" height=\"480\"><\/iframe>\n\n\n<div class=\"gb-container gb-container-a015421b\"><div class=\"gb-inside-container\"><\/div><\/div>\n\n\n<p class=\"has-medium-font-size\"><a href=\"https:\/\/ciudaddelfuturo.science-bits.com\/wp-content\/uploads\/2022\/05\/Datos_P2_220529.pdf\"><strong>&lt;&#8212; Descargar PDF con resultados de la encuesta.<\/strong><\/a><\/p>\n\n<\/div><\/div><\/div>\n<\/div>\n\n\n<div class=\"gb-container gb-container-e4a64b4c\"><div class=\"gb-inside-container\"><\/div><\/div>\n\n<div class=\"gb-container gb-container-0c888961\"><div class=\"gb-inside-container\">\n\n<div class=\"wp-block-columns is-layout-flex wp-container-core-columns-is-layout-9d6595d7 wp-block-columns-is-layout-flex\">\n<div class=\"wp-block-column is-vertically-aligned-top is-layout-flow wp-block-column-is-layout-flow\" style=\"flex-basis:50%\">\n<h4 class=\"gb-headline gb-headline-aa6c62e1 gb-headline-text\"><strong>VIDEO CHARLA YAGO LANGE &#8211; 7 DE JUNIO<\/strong><\/h4>\n\n\n\n<figure class=\"wp-block-embed is-type-video is-provider-youtube wp-block-embed-youtube wp-embed-aspect-16-9 wp-has-aspect-ratio\"><div class=\"wp-block-embed__wrapper\">\n<iframe loading=\"lazy\" title=\"\u00a1EL CAMBIO ES AHORA! Ciudad del Futuro Science Bits\" width=\"1200\" height=\"675\" src=\"https:\/\/www.youtube.com\/embed\/mhCkz5m2vyA?feature=oembed\" frameborder=\"0\" allow=\"accelerometer; autoplay; clipboard-write; encrypted-media; gyroscope; picture-in-picture\" allowfullscreen><\/iframe>\n<\/div><\/figure>\n<\/div>\n\n\n\n<div class=\"wp-block-column is-vertically-aligned-top is-layout-flow wp-block-column-is-layout-flow\" style=\"flex-basis:50%\">\n<h2 class=\"gb-headline gb-headline-6a69f6d3 gb-headline-text\">EL PROYECTO<\/h2>\n\n\n\n<h4 class=\"gb-headline gb-headline-526d903f gb-headline-text\">Presentaci\u00f3n con detalles del proyecto<\/h4>\n\n\n<a href=\"https:\/\/ciudaddelfuturo.science-bits.com\/wp-content\/uploads\/2022\/05\/Presentacion-Ciudad-del-Futuro-Science-Bits.pdf\" class=\"pdfemb-viewer\" style=\"\" data-width=\"max\" data-height=\"max\" data-toolbar=\"bottom\" data-toolbar-fixed=\"off\">Presentacion-Ciudad-del-Futuro-Science-Bits<\/a>\n<p class=\"wp-block-pdfemb-pdf-embedder-viewer\"><\/p>\n\n\n\n<h2 class=\"gb-headline gb-headline-50d4834b\"><span class=\"gb-icon\"><svg aria-hidden=\"true\" role=\"img\" height=\"1em\" width=\"1em\" viewBox=\"0 0 320 512\" xmlns=\"http:\/\/www.w3.org\/2000\/svg\"><path fill=\"currentColor\" d=\"M296 160H180.6l42.6-129.8C227.2 15 215.7 0 200 0H56C44 0 33.8 8.9 32.2 20.8l-32 240C-1.7 275.2 9.5 288 24 288h118.7L96.6 482.5c-3.6 15.2 8 29.5 23.3 29.5 8.4 0 16.4-4.4 20.8-12l176-304c9.3-15.9-2.2-36-20.7-36z\"><\/path><\/svg><\/span><span class=\"gb-headline-text\"><a href=\"https:\/\/ciudaddelfuturo.science-bits.com\/wp-content\/uploads\/2022\/05\/Presentacion-Ciudad-del-Futuro-Science-Bits.pdf\">Descargar<\/a><\/span><\/h2>\n<\/div>\n<\/div>\n\n<\/div><\/div>\n\n<div class=\"gb-container gb-container-d08d5007\"><div class=\"gb-inside-container\">\n\n<h3 class=\"gb-headline gb-headline-9c3ae4b7 gb-headline-text\">Los mejores proyectos ser\u00e1n premiados con estaciones meteorol\u00f3gicas y suscripciones anuales a Science Bits.<\/h3>\n\n<\/div><\/div>\n\n<div class=\"gb-container gb-container-812eb734\"><div class=\"gb-inside-container\">\n<div class=\"gb-grid-wrapper gb-grid-wrapper-c0074d94\">\n<div class=\"gb-grid-column gb-grid-column-b3f4b850\"><div class=\"gb-container gb-container-b3f4b850\"><div class=\"gb-inside-container\">\n\n<h5 class=\"gb-headline gb-headline-ba3eed51 gb-headline-text\">El programa.<\/h5>\n\n\n\n<h6 class=\"gb-headline gb-headline-0dab0653 gb-headline-text\">Un programa de seis semanas, que cada escuela puede llevar adelante con la cantidad de alumnos que desee y en sus propios tiempos.<\/h6>\n\n\n\n<h6 class=\"gb-headline gb-headline-94069639 gb-headline-text\">Webinar sobre cambio clim\u00e1tico y urbanizaci\u00f3n.<\/h6>\n\n\n\n<h6 class=\"gb-headline gb-headline-33c0c411 gb-headline-text\">Conexi\u00f3n con otras escuelas, intercambio de informaci\u00f3n geogr\u00e1fica y cultural.<br><br>Investigaci\u00f3n sobre efectos de la urbanizaci\u00f3n en el cambio clim\u00e1tico.<\/h6>\n\n\n<div class=\"gb-container gb-container-ac2b2f47\"><div class=\"gb-inside-container\"><\/div><\/div>\n\n<div class=\"gb-container gb-container-1f3cd7f0\"><div class=\"gb-inside-container\">\n\n<div class=\"wp-block-buttons is-horizontal is-content-justification-right is-layout-flex wp-container-core-buttons-is-layout-ae2fe186 wp-block-buttons-is-layout-flex\">\n<div class=\"wp-block-button is-style-fill\"><a class=\"wp-block-button__link has-white-background-color has-text-color has-background\" href=\"https:\/\/ciudaddelfuturo.science-bits.com\/?page_id=161\" style=\"color:#70ab14\">READ MORE \u2192<\/a><\/div>\n<\/div>\n\n<\/div><\/div>\n<\/div><\/div><\/div>\n\n<div class=\"gb-grid-column gb-grid-column-6d6be5d3\"><div class=\"gb-container gb-container-6d6be5d3\"><div class=\"gb-inside-container\">\n\n<h5 class=\"gb-headline gb-headline-a4892808 gb-headline-text\">Las Escuelas<\/h5>\n\n\n\n<h6 class=\"gb-headline gb-headline-b419f8f4 gb-headline-text\">Las escuelas participantes tendr\u00e1n acceso a:<\/h6>\n\n\n\n<h6 class=\"gb-headline gb-headline-9464f9b6 gb-headline-text\">Contenidos exclusivos sobre cambio clim\u00e1tico y urbanizaci\u00f3n.<\/h6>\n\n\n\n<h6 class=\"gb-headline gb-headline-72006f9e gb-headline-text\">Charlas en vivo de expertos sobre cambio clim\u00e1tico.<\/h6>\n\n\n\n<h6 class=\"gb-headline gb-headline-0191685c gb-headline-text\">Links y recursos interactivos para acceder a estad\u00edsticas sobre el clima en cada ciudad.<\/h6>\n\n\n\n<h6 class=\"gb-headline gb-headline-007efcf8 gb-headline-text\">Recursos sobre la ciudad del futuro sustentable.<\/h6>\n\n\n<div class=\"gb-container gb-container-572ee8d4\"><div class=\"gb-inside-container\"><\/div><\/div>\n\n\n<div class=\"wp-block-buttons is-layout-flex wp-block-buttons-is-layout-flex\">\n<div class=\"wp-block-button is-style-fill\"><a class=\"wp-block-button__link has-white-background-color has-text-color has-background\" href=\"https:\/\/ciudaddelfuturo.science-bits.com\/?page_id=161\" style=\"color:#70ab14\">READ MORE \u2192<\/a><\/div>\n<\/div>\n\n<\/div><\/div><\/div>\n<\/div>\n\n<div class=\"gb-container gb-container-b23ac379\"><div class=\"gb-inside-container\"><\/div><\/div>\n\n<div class=\"gb-container gb-container-c0ed3796\"><div class=\"gb-inside-container\">\n\n<div class=\"wp-block-columns is-layout-flex wp-container-core-columns-is-layout-9d6595d7 wp-block-columns-is-layout-flex\">\n<div class=\"wp-block-column is-layout-flow wp-block-column-is-layout-flow\">\n<figure class=\"wp-block-image size-full\"><img loading=\"lazy\" decoding=\"async\" width=\"972\" height=\"587\" src=\"https:\/\/ciudaddelfuturo.science-bits.com\/wp-content\/uploads\/2022\/03\/cambio-climatico-1.png\" alt=\"\" class=\"wp-image-339\" srcset=\"https:\/\/ciudaddelfuturo.science-bits.com\/wp-content\/uploads\/2022\/03\/cambio-climatico-1.png 972w, https:\/\/ciudaddelfuturo.science-bits.com\/wp-content\/uploads\/2022\/03\/cambio-climatico-1-300x181.png 300w, https:\/\/ciudaddelfuturo.science-bits.com\/wp-content\/uploads\/2022\/03\/cambio-climatico-1-768x464.png 768w\" sizes=\"auto, (max-width: 972px) 100vw, 972px\" \/><\/figure>\n<\/div>\n\n\n\n<div class=\"wp-block-column is-layout-flow wp-block-column-is-layout-flow\">\n<figure class=\"wp-block-image size-full\"><img loading=\"lazy\" decoding=\"async\" width=\"970\" height=\"574\" src=\"https:\/\/ciudaddelfuturo.science-bits.com\/wp-content\/uploads\/2022\/03\/cambio-climatico-2.png\" alt=\"\" class=\"wp-image-340\" srcset=\"https:\/\/ciudaddelfuturo.science-bits.com\/wp-content\/uploads\/2022\/03\/cambio-climatico-2.png 970w, https:\/\/ciudaddelfuturo.science-bits.com\/wp-content\/uploads\/2022\/03\/cambio-climatico-2-300x178.png 300w, https:\/\/ciudaddelfuturo.science-bits.com\/wp-content\/uploads\/2022\/03\/cambio-climatico-2-768x454.png 768w\" sizes=\"auto, (max-width: 970px) 100vw, 970px\" \/><\/figure>\n<\/div>\n<\/div>\n\n\n<div class=\"gb-container gb-container-aeeaf360\"><div class=\"gb-inside-container\">\n\n<h3 class=\"gb-headline gb-headline-b9d11fb1 gb-headline-text\">Contenidos desarrollados especialmente .<\/h3>\n\n<\/div><\/div>\n<\/div><\/div>\n\n<div class=\"gb-grid-wrapper gb-grid-wrapper-6218e5ef\">\n<div class=\"gb-grid-column gb-grid-column-eecf142c\"><div class=\"gb-container gb-container-eecf142c\"><div class=\"gb-inside-container\">\n\n<h5 class=\"gb-headline gb-headline-a027626c gb-headline-text\">Contenidos y Temas.<\/h5>\n\n\n\n<h6 class=\"gb-headline gb-headline-37bda7ec gb-headline-text\">Se trata de contenidos y tem\u00e1ticas de suma actualidad e importancia.<\/h6>\n\n\n\n<h2 class=\"gb-headline gb-headline-6b3fef14 gb-headline-text\">Cuidado del medio ambiente.<\/h2>\n\n\n\n<h2 class=\"gb-headline gb-headline-521b14ff gb-headline-text\">Cambio clim\u00e1tico.<\/h2>\n\n\n\n<h2 class=\"gb-headline gb-headline-2194bf4a gb-headline-text\">Urbanizaci\u00f3n y contaminaci\u00f3n ambiental.<\/h2>\n\n\n\n<h2 class=\"gb-headline gb-headline-30dd1f49 gb-headline-text\">Dise\u00f1o urbano.<\/h2>\n\n\n\n<h2 class=\"gb-headline gb-headline-7dc5db3d gb-headline-text\">Energias renovables.<\/h2>\n\n<\/div><\/div><\/div>\n\n<div class=\"gb-grid-column gb-grid-column-7879c107\"><div class=\"gb-container gb-container-7879c107\"><div class=\"gb-inside-container\">\n\n<h5 class=\"gb-headline gb-headline-03a96e7b gb-headline-text\">El Proyecto<\/h5>\n\n\n\n<h6 class=\"gb-headline gb-headline-148d8e0d gb-headline-text\">Colaborando con escuelas de Espa\u00f1a y Latinoam\u00e9rica.<\/h6>\n\n\n\n<h6 class=\"gb-headline gb-headline-1d080b68 gb-headline-text\">Cada semana, las escuelas participantes recibir\u00e1n breves desaf\u00edos a completar en cada semana para ir gui\u00e1ndolos paso a paso en la investigaci\u00f3n y posterior desarrollo de ideas y dise\u00f1o de la ciudad del futuro. Se trata de desaf\u00edos simples y muy concretos que pueden resolverse colaborativamente los alumnos participantes con la gu\u00eda de sus docentes. <\/h6>\n\n\n\n<div class=\"wp-block-buttons is-layout-flex wp-block-buttons-is-layout-flex\"><\/div>\n\n<\/div><\/div><\/div>\n\n<div class=\"gb-grid-column gb-grid-column-707524a5\"><div class=\"gb-container gb-container-707524a5\"><div class=\"gb-inside-container\">\n\n<h5 class=\"gb-headline gb-headline-97dd72b4 gb-headline-text\">Concurso<\/h5>\n\n\n\n<h6 class=\"gb-headline gb-headline-1455afb7 gb-headline-text\">Estaciones meteorol\u00f3gicas y suscripciones a Science Bits para las escuelas ganadoras.<\/h6>\n\n\n\n<h6 class=\"gb-headline gb-headline-ec8133a8 gb-headline-text\">Cada escuela realizar\u00e1 una presentaci\u00f3n sobre ideas y un proyecto para mejorar su ciudad y hacer la ciudad del futuro sustentable. Presentaremos estos proyectos a toda la comunidad y, despu\u00e9s de un proceso de evaluaci\u00f3n entre las mismas escuelas participantes para elegir los finalistas, un jurado de expertos determinar\u00e1 los ganadores.<\/h6>\n\n\n\n<div class=\"wp-block-buttons is-layout-flex wp-block-buttons-is-layout-flex\"><\/div>\n\n<\/div><\/div><\/div>\n<\/div>\n\n\n<h2 class=\"gb-headline gb-headline-9474b892 gb-headline-text\"><a href=\"https:\/\/ciudaddelfuturo.science-bits.com\/?page_id=184\">Click Aqu\u00ed para FAQ (Preguntas Frecuentes)<\/a><\/h2>\n\n\n<div class=\"gb-container gb-container-b4995aba\"><div class=\"gb-inside-container\"><\/div><\/div>\n<\/div><\/div>\n\n\n<p><\/p>\n","protected":false},"excerpt":{"rendered":"<p>SEMANA 1 SEMANA 2 SEMANA 3 SEMANA 4 Resultados de la Encuesta General Click aqu\u00ed para ver las entregas de los colegios &lt;&#8212; Descargar PDF con resultados de la encuesta. VIDEO CHARLA YAGO LANGE &#8211; 7 DE JUNIO EL PROYECTO Presentaci\u00f3n con detalles del proyecto Descargar Los mejores proyectos ser\u00e1n premiados con estaciones meteorol\u00f3gicas y &#8230; <a title=\"Science Bits | Ciudad del Futuro\" class=\"read-more\" href=\"https:\/\/ciudaddelfuturo.science-bits.com\/\" aria-label=\"M\u00e1s en Science Bits | Ciudad del Futuro\">Leer m\u00e1s<\/a><\/p>\n","protected":false},"author":1,"featured_media":566,"parent":0,"menu_order":0,"comment_status":"closed","ping_status":"closed","template":"","meta":{"footnotes":""},"class_list":["post-92","page","type-page","status-publish","has-post-thumbnail"],"_links":{"self":[{"href":"https:\/\/ciudaddelfuturo.science-bits.com\/index.php?rest_route=\/wp\/v2\/pages\/92","targetHints":{"allow":["GET"]}}],"collection":[{"href":"https:\/\/ciudaddelfuturo.science-bits.com\/index.php?rest_route=\/wp\/v2\/pages"}],"about":[{"href":"https:\/\/ciudaddelfuturo.science-bits.com\/index.php?rest_route=\/wp\/v2\/types\/page"}],"author":[{"embeddable":true,"href":"https:\/\/ciudaddelfuturo.science-bits.com\/index.php?rest_route=\/wp\/v2\/users\/1"}],"replies":[{"embeddable":true,"href":"https:\/\/ciudaddelfuturo.science-bits.com\/index.php?rest_route=%2Fwp%2Fv2%2Fcomments&post=92"}],"version-history":[{"count":132,"href":"https:\/\/ciudaddelfuturo.science-bits.com\/index.php?rest_route=\/wp\/v2\/pages\/92\/revisions"}],"predecessor-version":[{"id":1171,"href":"https:\/\/ciudaddelfuturo.science-bits.com\/index.php?rest_route=\/wp\/v2\/pages\/92\/revisions\/1171"}],"wp:featuredmedia":[{"embeddable":true,"href":"https:\/\/ciudaddelfuturo.science-bits.com\/index.php?rest_route=\/wp\/v2\/media\/566"}],"wp:attachment":[{"href":"https:\/\/ciudaddelfuturo.science-bits.com\/index.php?rest_route=%2Fwp%2Fv2%2Fmedia&parent=92"}],"curies":[{"name":"wp","href":"https:\/\/api.w.org\/{rel}","templated":true}]}}