{"id":686,"date":"2022-05-16T12:21:18","date_gmt":"2022-05-16T12:21:18","guid":{"rendered":"https:\/\/ciudaddelfuturo.science-bits.com\/?page_id=686"},"modified":"2022-05-16T12:25:04","modified_gmt":"2022-05-16T12:25:04","slug":"el-proyecto-4-2-2","status":"publish","type":"page","link":"https:\/\/ciudaddelfuturo.science-bits.com\/?page_id=686","title":{"rendered":"Acceso a Materiales Science Bits"},"content":{"rendered":"\n<p><strong>INSTRUCCIONES DE ACCESO:<\/strong><\/p>\n\n\n\n<p><em><strong>Paso 1<\/strong>: <\/em><strong>Ingresar a la URL: <\/strong><a rel=\"noreferrer noopener\" href=\"https:\/\/science-bits.com\/\" target=\"_blank\"><strong>https:\/\/science-bits.com\/<\/strong><\/a><\/p>\n\n\n\n<p><em><strong>Paso 2<\/strong>: Log in o acceso con usuario y password (el que les fuera enviado en el mail de Semana 1)<\/em><\/p>\n\n\n\n<p class=\"has-text-align-center\"><img decoding=\"async\" src=\"https:\/\/lh4.googleusercontent.com\/SFHZTejrRlEYSM3l_43zzUXuIWbn4xmciRO2lh7XujcWS84EisxtWH6lTpHi7yN4NAuc8JlwA87ICeW5_ftRG8pioXQvnFVpdat8JXQkuFeqiqG1t55COM4rI_45rnze7lfNGkFwBreOcHt4\" style=\"width: 500px;\"><\/p>\n\n\n\n<p class=\"has-text-align-center\"><img decoding=\"async\" src=\"https:\/\/lh6.googleusercontent.com\/TUPFvPGKS_lBuA7TVJrYx5PUHMRjfDAjd_raF8R5715Pp77fhtWX449B8sy7g2oZznN6VAoCXRR7hGEq5WVoVwUwLBH6dyTBrRRyFUhforkTSENS3b15MUw5Br-1IEKZ_HiCb8LvIadFREbe\" style=\"width: 300px;\"><\/p>\n\n\n\n<p><\/p>\n\n\n\n<p><em><strong>Paso 3:<\/strong> Acceder a la secci\u00f3n MIS CLASES y all\u00ed se podr\u00e1 ver un repertorio llamado: MATERIALES CONCURSO CIUDAD DEL FUTURO:<\/em><\/p>\n\n\n\n<div class=\"wp-block-image\"><figure class=\"aligncenter size-full is-resized\"><img loading=\"lazy\" decoding=\"async\" src=\"https:\/\/ciudaddelfuturo.science-bits.com\/wp-content\/uploads\/2022\/05\/1.png\" alt=\"\" class=\"wp-image-689\" width=\"712\" height=\"510\" srcset=\"https:\/\/ciudaddelfuturo.science-bits.com\/wp-content\/uploads\/2022\/05\/1.png 865w, https:\/\/ciudaddelfuturo.science-bits.com\/wp-content\/uploads\/2022\/05\/1-300x215.png 300w, https:\/\/ciudaddelfuturo.science-bits.com\/wp-content\/uploads\/2022\/05\/1-768x550.png 768w\" sizes=\"auto, (max-width: 712px) 100vw, 712px\" \/><\/figure><\/div>\n\n\n\n<p><em>Paso 4: Para acceder a los recursos debemos hacer clic en el bot\u00f3n verde de acceso. Al hacerlo se desplegar\u00e1n los recursos relacionados con ese material:<\/em><\/p>\n\n\n\n<div class=\"wp-block-image\"><figure class=\"aligncenter size-full is-resized\"><img loading=\"lazy\" decoding=\"async\" src=\"https:\/\/ciudaddelfuturo.science-bits.com\/wp-content\/uploads\/2022\/05\/2.png\" alt=\"\" class=\"wp-image-690\" width=\"676\" height=\"436\" srcset=\"https:\/\/ciudaddelfuturo.science-bits.com\/wp-content\/uploads\/2022\/05\/2.png 806w, https:\/\/ciudaddelfuturo.science-bits.com\/wp-content\/uploads\/2022\/05\/2-300x194.png 300w, https:\/\/ciudaddelfuturo.science-bits.com\/wp-content\/uploads\/2022\/05\/2-768x495.png 768w\" sizes=\"auto, (max-width: 676px) 100vw, 676px\" \/><\/figure><\/div>\n","protected":false},"excerpt":{"rendered":"<p>INSTRUCCIONES DE ACCESO: Paso 1: Ingresar a la URL: https:\/\/science-bits.com\/ Paso 2: Log in o acceso con usuario y password (el que les fuera enviado en el mail de Semana 1) Paso 3: Acceder a la secci\u00f3n MIS CLASES y all\u00ed se podr\u00e1 ver un repertorio llamado: MATERIALES CONCURSO CIUDAD DEL FUTURO: Paso 4: Para &#8230; <a title=\"Acceso a Materiales Science Bits\" class=\"read-more\" href=\"https:\/\/ciudaddelfuturo.science-bits.com\/?page_id=686\" aria-label=\"M\u00e1s en Acceso a Materiales Science Bits\">Leer m\u00e1s<\/a><\/p>\n","protected":false},"author":3,"featured_media":0,"parent":0,"menu_order":0,"comment_status":"closed","ping_status":"closed","template":"","meta":{"footnotes":""},"class_list":["post-686","page","type-page","status-publish"],"_links":{"self":[{"href":"https:\/\/ciudaddelfuturo.science-bits.com\/index.php?rest_route=\/wp\/v2\/pages\/686","targetHints":{"allow":["GET"]}}],"collection":[{"href":"https:\/\/ciudaddelfuturo.science-bits.com\/index.php?rest_route=\/wp\/v2\/pages"}],"about":[{"href":"https:\/\/ciudaddelfuturo.science-bits.com\/index.php?rest_route=\/wp\/v2\/types\/page"}],"author":[{"embeddable":true,"href":"https:\/\/ciudaddelfuturo.science-bits.com\/index.php?rest_route=\/wp\/v2\/users\/3"}],"replies":[{"embeddable":true,"href":"https:\/\/ciudaddelfuturo.science-bits.com\/index.php?rest_route=%2Fwp%2Fv2%2Fcomments&post=686"}],"version-history":[{"count":2,"href":"https:\/\/ciudaddelfuturo.science-bits.com\/index.php?rest_route=\/wp\/v2\/pages\/686\/revisions"}],"predecessor-version":[{"id":691,"href":"https:\/\/ciudaddelfuturo.science-bits.com\/index.php?rest_route=\/wp\/v2\/pages\/686\/revisions\/691"}],"wp:attachment":[{"href":"https:\/\/ciudaddelfuturo.science-bits.com\/index.php?rest_route=%2Fwp%2Fv2%2Fmedia&parent=686"}],"curies":[{"name":"wp","href":"https:\/\/api.w.org\/{rel}","templated":true}]}}