{"id":483,"date":"2022-04-27T23:41:24","date_gmt":"2022-04-27T23:41:24","guid":{"rendered":"https:\/\/ciudaddelfuturo.science-bits.com\/?page_id=483"},"modified":"2022-04-27T23:44:00","modified_gmt":"2022-04-27T23:44:00","slug":"el-proyecto-4","status":"publish","type":"page","link":"https:\/\/ciudaddelfuturo.science-bits.com\/?page_id=483","title":{"rendered":"Bases del Concurso"},"content":{"rendered":"\n<p><\/p>\n\n\n<div class=\"gb-grid-column gb-grid-column-8a2b9fd1\"><div class=\"gb-container gb-container-8a2b9fd1\"><div class=\"gb-inside-container\">\n\n<h4 class=\"gb-headline gb-headline-2f856777 gb-headline-text\">El concurso se regir\u00e1 por las siguientes bases:<\/h4>\n\n\n<div class=\"gb-container gb-container-ce5e6a44\"><div class=\"gb-inside-container\">\n\n<ul class=\"wp-block-list\"><li>El concurso Ciudad del Futuro Science Bits est\u00e1 abierto a todas las escuelas de Secundaria de Espa\u00f1a y Latinoam\u00e9rica que deseen participar.<\/li><li>La actividad consiste en proponer soluciones para mejorar el impacto del cambio clim\u00e1tico a trav\u00e9s del estudio de las urbanizaciones y otros factores demogr\u00e1ficos de las ciudades.<\/li><li>Cada colegio puede registrar solamente un equipo, el que ser\u00e1 liderado por uno o m\u00e1s docentes, a decisi\u00f3n de la escuela. A los efectos del concurso un solo docente deber\u00e1 figurar como coordinador del equipo de su escuela. No hay restricciones al n\u00famero de estudiantes que integren cada equipo.<\/li><li>El proceso comprende cinco semanas, en cada una de las cuales se pautar\u00e1n actividades y desaf\u00edos que cada escuela ir\u00e1 superando como una manera de ir desarrollando su investigaci\u00f3n y posteriormente las soluciones propuestas.<\/li><li>Al final de las cinco semanas, en una fecha a determinar cuando se inicia el proyecto, los equipos deber\u00e1n enviar electr\u00f3nicamente sus propuestas para mejorar sus ciudades.<\/li><li>Un jurado conformado por expertos y educadores invitados por Science Bits y The Learnerspace, elegir\u00e1 seis proyectos ganadores.<\/li><li>Algunas de las propuestas seleccionadas por el jurado ser\u00e1n presentadas en un evento que ser\u00e1 transmitido en vivo por YouTube y Zoom.<\/li><li>Cada uno de los colegios que hayan resultado ganadores recibir\u00e1n, seg\u00fan el caso, una estaci\u00f3n meteorol\u00f3gica o una suscripci\u00f3n anual a Science Bits.<\/li><li>La decisi\u00f3n estar\u00e1 tomada exclusivamente por el jurado, quien tendr\u00e1 en cuenta presentaci\u00f3n, rigor cient\u00edfico y resultado de la investigaci\u00f3n, originalidad e impacto ambiental de las soluciones propuestas.<\/li><li>El resultado dictado por el jurado ser\u00e1 inapelable.<\/li><li>Science Bits y The Learnerspace publicar\u00e1n los trabajos ganadores en la p\u00e1gina web de la iniciativa (https:\/\/ciudaddelfuturo.science-bits.com\/), consignando el nombre del colegio a quien corresponda.<\/li><\/ul>\n\n<\/div><\/div>\n<\/div><\/div><\/div>","protected":false},"excerpt":{"rendered":"<p>El concurso se regir\u00e1 por las siguientes bases: El concurso Ciudad del Futuro Science Bits est\u00e1 abierto a todas las escuelas de Secundaria de Espa\u00f1a y Latinoam\u00e9rica que deseen participar. La actividad consiste en proponer soluciones para mejorar el impacto del cambio clim\u00e1tico a trav\u00e9s del estudio de las urbanizaciones y otros factores demogr\u00e1ficos de &#8230; <a title=\"Bases del Concurso\" class=\"read-more\" href=\"https:\/\/ciudaddelfuturo.science-bits.com\/?page_id=483\" aria-label=\"M\u00e1s en Bases del Concurso\">Leer m\u00e1s<\/a><\/p>\n","protected":false},"author":3,"featured_media":0,"parent":0,"menu_order":0,"comment_status":"closed","ping_status":"closed","template":"","meta":{"footnotes":""},"class_list":["post-483","page","type-page","status-publish"],"_links":{"self":[{"href":"https:\/\/ciudaddelfuturo.science-bits.com\/index.php?rest_route=\/wp\/v2\/pages\/483","targetHints":{"allow":["GET"]}}],"collection":[{"href":"https:\/\/ciudaddelfuturo.science-bits.com\/index.php?rest_route=\/wp\/v2\/pages"}],"about":[{"href":"https:\/\/ciudaddelfuturo.science-bits.com\/index.php?rest_route=\/wp\/v2\/types\/page"}],"author":[{"embeddable":true,"href":"https:\/\/ciudaddelfuturo.science-bits.com\/index.php?rest_route=\/wp\/v2\/users\/3"}],"replies":[{"embeddable":true,"href":"https:\/\/ciudaddelfuturo.science-bits.com\/index.php?rest_route=%2Fwp%2Fv2%2Fcomments&post=483"}],"version-history":[{"count":3,"href":"https:\/\/ciudaddelfuturo.science-bits.com\/index.php?rest_route=\/wp\/v2\/pages\/483\/revisions"}],"predecessor-version":[{"id":1211,"href":"https:\/\/ciudaddelfuturo.science-bits.com\/index.php?rest_route=\/wp\/v2\/pages\/483\/revisions\/1211"}],"wp:attachment":[{"href":"https:\/\/ciudaddelfuturo.science-bits.com\/index.php?rest_route=%2Fwp%2Fv2%2Fmedia&parent=483"}],"curies":[{"name":"wp","href":"https:\/\/api.w.org\/{rel}","templated":true}]}}