{"id":184,"date":"2022-02-25T12:17:54","date_gmt":"2022-02-25T12:17:54","guid":{"rendered":"https:\/\/ciudaddelfuturo.science-bits.com\/?page_id=184"},"modified":"2022-02-25T12:34:59","modified_gmt":"2022-02-25T12:34:59","slug":"el-proyecto-2","status":"publish","type":"page","link":"https:\/\/ciudaddelfuturo.science-bits.com\/?page_id=184","title":{"rendered":"FAQ &#8211; Preguntas Frecuentes"},"content":{"rendered":"\n<p><\/p>\n\n\n<div class=\"gb-grid-column gb-grid-column-8a2b9fd1\"><div class=\"gb-container gb-container-8a2b9fd1\"><div class=\"gb-inside-container\">\n<style>#helpie-faq-6a0081b2e6be8.helpie-faq.accordions .collection-title { color : #70ab14; } #helpie-faq-6a0081b2e6be8.helpie-faq.accordions .accordion__header {  } <\/style><section id='helpie-faq-6a0081b2e6be8' \n                class='helpie-faq accordions faq-toggle open-first' \n                data-collection='' \n                data-pagination='0' \n                data-search='0' \n                data-pagination-enabled='0'\n                role='region'\n                aria-label='FAQ Section'\n                aria-live='polite'><h3 class=\"collection-title\">Ciudad del Futuro Science Bits<\/h3><article class=\"accordion \"><div class='helpie-faq-row'><div class='helpie-faq-col helpie-faq-col-12' ><ul><li class=\"accordion__item \"><div class=\"accordion__header \" \r\n                id=\"accordion-header-post-183\"\r\n                role=\"button\"\r\n                aria-expanded=\"false\"\r\n                aria-controls=\"accordion-content-post-183\"\r\n                data-id=\"post-183\" \r\n                data-item=\"hfaq-post-183\" \r\n                style=\"background:transparent;\" \r\n                data-tags=\"\"\r\n                tabindex=\"0\"><div class=\"accordion__title\">El programa, \u00bfes gratuito?<\/div><\/div><div id=\"accordion-content-post-183\" \r\n                class=\"accordion__body\" \r\n                role=\"region\"\r\n                aria-labelledby=\"accordion-header-post-183\"\r\n                style=\"background:transparent;\"><p><span class=\"TextRun SCXW230396122 BCX0\" lang=\"ES-AR\" xml:lang=\"ES-AR\" data-contrast=\"auto\"><span class=\"NormalTextRun SCXW230396122 BCX0\">El programa es totalmente gratuito, y no tiene ning\u00fan costo de ning\u00fan tipo para las escuelas participantes.<\/span><\/span><span class=\"EOP SCXW230396122 BCX0\">\u00a0<\/span><\/p>\n<\/div><\/li><li class=\"accordion__item \"><div class=\"accordion__header \" \r\n                id=\"accordion-header-post-189\"\r\n                role=\"button\"\r\n                aria-expanded=\"false\"\r\n                aria-controls=\"accordion-content-post-189\"\r\n                data-id=\"post-189\" \r\n                data-item=\"hfaq-post-189\" \r\n                style=\"background:transparent;\" \r\n                data-tags=\"\"\r\n                tabindex=\"0\"><div class=\"accordion__title\">\u00bfDebe haber un docente a cargo?\u00a0<\/div><\/div><div id=\"accordion-content-post-189\" \r\n                class=\"accordion__body\" \r\n                role=\"region\"\r\n                aria-labelledby=\"accordion-header-post-189\"\r\n                style=\"background:transparent;\"><p><span data-contrast=\"auto\">S\u00ed, cada escuela deber\u00e1 registrar un docente responsable del equipo, con quien nos comunicaremos para todas las interacciones y desaf\u00edos, y que ser\u00e1 el nexo con los alumnos de su escuela.<\/span><\/p>\n<\/div><\/li><li class=\"accordion__item \"><div class=\"accordion__header \" \r\n                id=\"accordion-header-post-190\"\r\n                role=\"button\"\r\n                aria-expanded=\"false\"\r\n                aria-controls=\"accordion-content-post-190\"\r\n                data-id=\"post-190\" \r\n                data-item=\"hfaq-post-190\" \r\n                style=\"background:transparent;\" \r\n                data-tags=\"\"\r\n                tabindex=\"0\"><div class=\"accordion__title\">\u00bfPueden inscribirse personas individuales?\u00a0<\/div><\/div><div id=\"accordion-content-post-190\" \r\n                class=\"accordion__body\" \r\n                role=\"region\"\r\n                aria-labelledby=\"accordion-header-post-190\"\r\n                style=\"background:transparent;\"><p><span data-contrast=\"auto\">No, la inscripci\u00f3n es a trav\u00e9s de la escuela a la que concurren los alumnos.<\/span><\/p>\n<\/div><\/li><li class=\"accordion__item \"><div class=\"accordion__header \" \r\n                id=\"accordion-header-post-191\"\r\n                role=\"button\"\r\n                aria-expanded=\"false\"\r\n                aria-controls=\"accordion-content-post-191\"\r\n                data-id=\"post-191\" \r\n                data-item=\"hfaq-post-191\" \r\n                style=\"background:transparent;\" \r\n                data-tags=\"\"\r\n                tabindex=\"0\"><div class=\"accordion__title\">\u00bfQui\u00e9n elige a los ganadores?<\/div><\/div><div id=\"accordion-content-post-191\" \r\n                class=\"accordion__body\" \r\n                role=\"region\"\r\n                aria-labelledby=\"accordion-header-post-191\"\r\n                style=\"background:transparent;\"><p><span class=\"TextRun SCXW28109627 BCX0\" lang=\"ES-AR\" xml:lang=\"ES-AR\" data-contrast=\"auto\"><span class=\"NormalTextRun SCXW28109627 BCX0\">Inicialmente, cada escuela deber\u00e1 evaluar tres proyectos de otras escuelas, como una manera de recorrer las soluciones que otras escuelas han planteado, y compartir las ideas sobre desarrollo sustentable. De esta etapa de evaluaci\u00f3n se determinar\u00e1n cinco finalistas, entre los cuales un jurado de educadores y especialistas elegir\u00e1 a los tres ganadores.<\/span><\/span><span class=\"EOP SCXW28109627 BCX0\">\u00a0<\/span><\/p>\n<\/div><\/li><li class=\"accordion__item \"><div class=\"accordion__header \" \r\n                id=\"accordion-header-post-192\"\r\n                role=\"button\"\r\n                aria-expanded=\"false\"\r\n                aria-controls=\"accordion-content-post-192\"\r\n                data-id=\"post-192\" \r\n                data-item=\"hfaq-post-192\" \r\n                style=\"background:transparent;\" \r\n                data-tags=\"\"\r\n                tabindex=\"0\"><div class=\"accordion__title\">\u00bfQu\u00e9 pasa si no llegamos a tiempo con alguno de los desaf\u00edos?<\/div><\/div><div id=\"accordion-content-post-192\" \r\n                class=\"accordion__body\" \r\n                role=\"region\"\r\n                aria-labelledby=\"accordion-header-post-192\"\r\n                style=\"background:transparent;\"><p><span class=\"TextRun SCXW157911596 BCX0\" lang=\"ES-AR\" xml:lang=\"ES-AR\" data-contrast=\"auto\"><span class=\"NormalTextRun SCXW157911596 BCX0\">No hay ning\u00fan problema, los desaf\u00edos se van planteando semana a semana para ordenar el <\/span><span class=\"NormalTextRun ContextualSpellingAndGrammarErrorV2 SCXW157911596 BCX0\">proceso,<\/span><span class=\"NormalTextRun SCXW157911596 BCX0\"> pero los colegios pueden ir desarroll\u00e1ndolos de acuerdo a sus tiempos y calendario escolar.<\/span><\/span><span class=\"EOP SCXW157911596 BCX0\">\u00a0<\/span><\/p>\n<\/div><\/li><li class=\"accordion__item \"><div class=\"accordion__header \" \r\n                id=\"accordion-header-post-193\"\r\n                role=\"button\"\r\n                aria-expanded=\"false\"\r\n                aria-controls=\"accordion-content-post-193\"\r\n                data-id=\"post-193\" \r\n                data-item=\"hfaq-post-193\" \r\n                style=\"background:transparent;\" \r\n                data-tags=\"\"\r\n                tabindex=\"0\"><div class=\"accordion__title\">\u00bfCu\u00e1nto tiempo dedicaremos al proyecto por semana?<\/div><\/div><div id=\"accordion-content-post-193\" \r\n                class=\"accordion__body\" \r\n                role=\"region\"\r\n                aria-labelledby=\"accordion-header-post-193\"\r\n                style=\"background:transparent;\"><p><span class=\"TextRun SCXW68150436 BCX0\" lang=\"ES-AR\" xml:lang=\"ES-AR\" data-contrast=\"auto\"><span class=\"NormalTextRun SCXW68150436 BCX0\">Depender\u00e1 de la cantidad de alumnos en el equipo, pero, en general, se estima que con, aproximadamente dos horas por semana, pueden alcanzarse resultados \u00f3ptimos.<\/span><\/span><span class=\"EOP SCXW68150436 BCX0\">\u00a0<\/span><\/p>\n<\/div><\/li><li class=\"accordion__item \"><div class=\"accordion__header \" \r\n                id=\"accordion-header-post-194\"\r\n                role=\"button\"\r\n                aria-expanded=\"false\"\r\n                aria-controls=\"accordion-content-post-194\"\r\n                data-id=\"post-194\" \r\n                data-item=\"hfaq-post-194\" \r\n                style=\"background:transparent;\" \r\n                data-tags=\"\"\r\n                tabindex=\"0\"><div class=\"accordion__title\">En caso de resultar ganadores, \u00bfse enviar\u00edan directamente los premios a mi colegio?<\/div><\/div><div id=\"accordion-content-post-194\" \r\n                class=\"accordion__body\" \r\n                role=\"region\"\r\n                aria-labelledby=\"accordion-header-post-194\"\r\n                style=\"background:transparent;\"><p><span class=\"TextRun SCXW96954461 BCX0\" lang=\"ES-AR\" xml:lang=\"ES-AR\" data-contrast=\"auto\"><span class=\"NormalTextRun SCXW96954461 BCX0\">S\u00ed, haremos llegar directamente a los colegios los certificados de participaci\u00f3n y los premios a los ganadores.<\/span><\/span><span class=\"EOP BookmarkStart BookmarkEnd SCXW96954461 BCX0\">\u00a0<\/span><\/p>\n<\/div><\/li><li class=\"accordion__item \"><div class=\"accordion__header \" \r\n                id=\"accordion-header-post-181\"\r\n                role=\"button\"\r\n                aria-expanded=\"false\"\r\n                aria-controls=\"accordion-content-post-181\"\r\n                data-id=\"post-181\" \r\n                data-item=\"hfaq-post-181\" \r\n                style=\"background:transparent;\" \r\n                data-tags=\"\"\r\n                tabindex=\"0\"><div class=\"accordion__title\">\u00bfAlumnos de qu\u00e9 edades pueden participar?<\/div><\/div><div id=\"accordion-content-post-181\" \r\n                class=\"accordion__body\" \r\n                role=\"region\"\r\n                aria-labelledby=\"accordion-header-post-181\"\r\n                style=\"background:transparent;\"><p><span class=\"TextRun SCXW19317022 BCX0\" lang=\"ES-AR\" xml:lang=\"ES-AR\" data-contrast=\"auto\"><span class=\"NormalTextRun SCXW19317022 BCX0\">No hay restricci\u00f3n ni l\u00edmite para la edad de los alumnos participantes, aunque se apunta a alumnos de colegios secundarios. El proyecto est\u00e1 destinado a alumnos de escuelas, no universidades.<\/span><\/span><span class=\"EOP SCXW19317022 BCX0\">\u00a0<\/span><\/p>\n<\/div><\/li><li class=\"accordion__item \"><div class=\"accordion__header \" \r\n                id=\"accordion-header-post-182\"\r\n                role=\"button\"\r\n                aria-expanded=\"false\"\r\n                aria-controls=\"accordion-content-post-182\"\r\n                data-id=\"post-182\" \r\n                data-item=\"hfaq-post-182\" \r\n                style=\"background:transparent;\" \r\n                data-tags=\"\"\r\n                tabindex=\"0\"><div class=\"accordion__title\">\u00bfHay alg\u00fan requisito previo para participar?<\/div><\/div><div id=\"accordion-content-post-182\" \r\n                class=\"accordion__body\" \r\n                role=\"region\"\r\n                aria-labelledby=\"accordion-header-post-182\"\r\n                style=\"background:transparent;\"><p><span class=\"TextRun SCXW32382983 BCX0\" lang=\"ES-AR\" xml:lang=\"ES-AR\" data-contrast=\"auto\"><span class=\"NormalTextRun SCXW32382983 BCX0\">Ninguno, no hay ning\u00fan requerimiento para participar.<\/span><\/span><span class=\"EOP SCXW32382983 BCX0\">\u00a0<\/span><\/p>\n<\/div><\/li><\/ul><\/div><\/div><\/article><\/section>\n<\/div><\/div><\/div>","protected":false},"excerpt":{"rendered":"","protected":false},"author":1,"featured_media":0,"parent":0,"menu_order":0,"comment_status":"closed","ping_status":"closed","template":"","meta":{"footnotes":""},"class_list":["post-184","page","type-page","status-publish"],"_links":{"self":[{"href":"https:\/\/ciudaddelfuturo.science-bits.com\/index.php?rest_route=\/wp\/v2\/pages\/184","targetHints":{"allow":["GET"]}}],"collection":[{"href":"https:\/\/ciudaddelfuturo.science-bits.com\/index.php?rest_route=\/wp\/v2\/pages"}],"about":[{"href":"https:\/\/ciudaddelfuturo.science-bits.com\/index.php?rest_route=\/wp\/v2\/types\/page"}],"author":[{"embeddable":true,"href":"https:\/\/ciudaddelfuturo.science-bits.com\/index.php?rest_route=\/wp\/v2\/users\/1"}],"replies":[{"embeddable":true,"href":"https:\/\/ciudaddelfuturo.science-bits.com\/index.php?rest_route=%2Fwp%2Fv2%2Fcomments&post=184"}],"version-history":[{"count":6,"href":"https:\/\/ciudaddelfuturo.science-bits.com\/index.php?rest_route=\/wp\/v2\/pages\/184\/revisions"}],"predecessor-version":[{"id":208,"href":"https:\/\/ciudaddelfuturo.science-bits.com\/index.php?rest_route=\/wp\/v2\/pages\/184\/revisions\/208"}],"wp:attachment":[{"href":"https:\/\/ciudaddelfuturo.science-bits.com\/index.php?rest_route=%2Fwp%2Fv2%2Fmedia&parent=184"}],"curies":[{"name":"wp","href":"https:\/\/api.w.org\/{rel}","templated":true}]}}