{"id":1134,"date":"2022-06-28T01:16:13","date_gmt":"2022-06-28T01:16:13","guid":{"rendered":"https:\/\/ciudaddelfuturo.science-bits.com\/?page_id=1134"},"modified":"2022-06-28T11:22:18","modified_gmt":"2022-06-28T11:22:18","slug":"el-proyecto-6-8-2-2-2","status":"publish","type":"page","link":"https:\/\/ciudaddelfuturo.science-bits.com\/?page_id=1134","title":{"rendered":"Instituci\u00f3n Educativa Jes\u00fas Mar\u00eda &#8211; SMP"},"content":{"rendered":"<div class=\"gb-grid-column gb-grid-column-8a2b9fd1\"><div class=\"gb-container gb-container-8a2b9fd1\"><div class=\"gb-inside-container\">\n<div class=\"gb-container gb-container-2f28a5f4\"><div class=\"gb-inside-container\">\n\n<p><\/p>\n\n\n<a href=\"https:\/\/ciudaddelfuturo.science-bits.com\/wp-content\/uploads\/2022\/06\/CONCURSO-CIUDAD-FUTURO-SCIENCE-BITS-SEMANA-04.pdf\" class=\"pdfemb-viewer\" style=\"\" data-width=\"max\" data-height=\"max\" data-toolbar=\"bottom\" data-toolbar-fixed=\"off\">CONCURSO-CIUDAD-FUTURO-SCIENCE-BITS-SEMANA-04<\/a>\n<p class=\"wp-block-pdfemb-pdf-embedder-viewer\"><\/p>\n\n\n<a href=\"https:\/\/ciudaddelfuturo.science-bits.com\/wp-content\/uploads\/2022\/06\/CONCURSO-CIUDAD-FUTURA-SCIENCE-BITS-SEMANA-03.pdf\" class=\"pdfemb-viewer\" style=\"\" data-width=\"max\" data-height=\"max\" data-toolbar=\"bottom\" data-toolbar-fixed=\"off\">CONCURSO-CIUDAD-FUTURA-SCIENCE-BITS-SEMANA-03<\/a>\n<p class=\"wp-block-pdfemb-pdf-embedder-viewer\"><\/p>\n\n\n<a href=\"https:\/\/ciudaddelfuturo.science-bits.com\/wp-content\/uploads\/2022\/06\/CONCURSO-CIUDAD-FUTURO-SCIENCE-BITS-SEMANA-02.pdf\" class=\"pdfemb-viewer\" style=\"\" data-width=\"max\" data-height=\"max\" data-toolbar=\"bottom\" data-toolbar-fixed=\"off\">CONCURSO-CIUDAD-FUTURO-SCIENCE-BITS-SEMANA-02<\/a>\n<p class=\"wp-block-pdfemb-pdf-embedder-viewer\"><\/p>\n\n<\/div><\/div>\n<\/div><\/div><\/div>","protected":false},"excerpt":{"rendered":"","protected":false},"author":3,"featured_media":0,"parent":0,"menu_order":0,"comment_status":"closed","ping_status":"closed","template":"","meta":{"footnotes":""},"class_list":["post-1134","page","type-page","status-publish"],"_links":{"self":[{"href":"https:\/\/ciudaddelfuturo.science-bits.com\/index.php?rest_route=\/wp\/v2\/pages\/1134","targetHints":{"allow":["GET"]}}],"collection":[{"href":"https:\/\/ciudaddelfuturo.science-bits.com\/index.php?rest_route=\/wp\/v2\/pages"}],"about":[{"href":"https:\/\/ciudaddelfuturo.science-bits.com\/index.php?rest_route=\/wp\/v2\/types\/page"}],"author":[{"embeddable":true,"href":"https:\/\/ciudaddelfuturo.science-bits.com\/index.php?rest_route=\/wp\/v2\/users\/3"}],"replies":[{"embeddable":true,"href":"https:\/\/ciudaddelfuturo.science-bits.com\/index.php?rest_route=%2Fwp%2Fv2%2Fcomments&post=1134"}],"version-history":[{"count":3,"href":"https:\/\/ciudaddelfuturo.science-bits.com\/index.php?rest_route=\/wp\/v2\/pages\/1134\/revisions"}],"predecessor-version":[{"id":1156,"href":"https:\/\/ciudaddelfuturo.science-bits.com\/index.php?rest_route=\/wp\/v2\/pages\/1134\/revisions\/1156"}],"wp:attachment":[{"href":"https:\/\/ciudaddelfuturo.science-bits.com\/index.php?rest_route=%2Fwp%2Fv2%2Fmedia&parent=1134"}],"curies":[{"name":"wp","href":"https:\/\/api.w.org\/{rel}","templated":true}]}}