{"id":1015,"date":"2022-06-13T13:47:13","date_gmt":"2022-06-13T13:47:13","guid":{"rendered":"https:\/\/ciudaddelfuturo.science-bits.com\/?page_id=1015"},"modified":"2022-06-13T14:05:55","modified_gmt":"2022-06-13T14:05:55","slug":"el-proyecto-4-2-3-2-2","status":"publish","type":"page","link":"https:\/\/ciudaddelfuturo.science-bits.com\/?page_id=1015","title":{"rendered":"Semana 4"},"content":{"rendered":"\n<p><\/p>\n\n\n<div class=\"gb-grid-column gb-grid-column-8a2b9fd1\"><div class=\"gb-container gb-container-8a2b9fd1\"><div class=\"gb-inside-container\">\n\n<h4 class=\"gb-headline gb-headline-2f856777 gb-headline-text\">\u00a1Bienvenidos a la Cuarta Etapa del Proyecto Ciudad del Futuro Science Bits! <\/h4>\n\n\n<div class=\"gb-container gb-container-5de97204\"><div class=\"gb-inside-container\">\n\n<p>Esperamos les hayan resultado interesantes los desaf\u00edos hasta ahora, y ha llegado el momento de pasar de la investigaci\u00f3n a la acci\u00f3n.<\/p>\n\n\n\n<p>La idea del proyecto era investigar las causas y efectos del cambio clim\u00e1tico, sobre todo teniendo en cuenta el impacto de la urbanizaci\u00f3n en c\u00f3mo han cambiado algunas de las principales variables, para poder proponer ideas y soluciones que tiendan a generar un mayor cuidado del medio ambiente en nuestro entorno y contexto.<\/p>\n\n\n\n<p>Para ello, primero estudiaremos y luego propondremos soluciones para la ciudad del futuro.<\/p>\n\n\n\n<p>Los invitamos a recorrer los siguientes links que contienen informaci\u00f3n detallada y espec\u00edfica respecto a c\u00f3mo algunas ciudades han implementado soluciones para mejorar su impacto ambiental.<\/p>\n\n\n<div class=\"gb-container gb-container-1ed02e46\"><div class=\"gb-inside-container\">\n<div style=\"clear:both;\"><\/div><div id=\"gallery-wplf\" class=\"galleryid-wplf gallery-columns-2 wplf-display\"><figure id=\"gallery-item-0\" class=\"gallery-item wplf-item\">\r\n\t\t\t\t<div class=\"gallery-icon landscape\">\r\n\t\t\t\t<a class=\"wplf_link\" href=\"https:\/\/es.digi.com\/blog\/post\/sustainable-city\" target=\"_blank\">\r\n\t\t\t\t<img loading=\"lazy\" decoding=\"async\" width=\"300\" height=\"209\" src=\"https:\/\/ciudaddelfuturo.science-bits.com\/wp-content\/uploads\/wp-links-page\/6rasgosdeunaciudadsostenibleconejemplos1655127795-300x209.jpg\" class=\"attachment-medium size-medium\" alt=\"\" style=\"border: 3px solid black; box-shadow: 0 5px 10px 0 rgba(0,0,0,0.2),0 5px 15px 0 rgba(0,0,0,0.19);\" srcset=\"https:\/\/ciudaddelfuturo.science-bits.com\/wp-content\/uploads\/wp-links-page\/6rasgosdeunaciudadsostenibleconejemplos1655127795-300x209.jpg 300w, https:\/\/ciudaddelfuturo.science-bits.com\/wp-content\/uploads\/wp-links-page\/6rasgosdeunaciudadsostenibleconejemplos1655127795.jpg 500w\" sizes=\"auto, (max-width: 300px) 100vw, 300px\" \/>\r\n\t\t\t\t<p class=\"wplf_display\" style=\"font-weight: bold; font-size: 15px; text-align: center\" >6 rasgos de una ciudad sostenible (con ejemplos)<\/p>\r\n\t\t\t\t<\/a>\r\n\t\t\t\t<\/div>\r\n\t\t\t\t<\/figure><figure id=\"gallery-item-1\" class=\"gallery-item wplf-item\">\r\n\t\t\t\t<div class=\"gallery-icon landscape\">\r\n\t\t\t\t<a class=\"wplf_link\" href=\"https:\/\/www.itu.int\/web\/pp-18\/es\/backgrounder\/smart-sustainable-cities\" target=\"_blank\">\r\n\t\t\t\t<img loading=\"lazy\" decoding=\"async\" width=\"300\" height=\"209\" src=\"https:\/\/ciudaddelfuturo.science-bits.com\/wp-content\/uploads\/wp-links-page\/Ciudadesinteligentesysostenibles1655127702-300x209.jpg\" class=\"attachment-medium size-medium\" alt=\"\" style=\"border: 3px solid black; box-shadow: 0 5px 10px 0 rgba(0,0,0,0.2),0 5px 15px 0 rgba(0,0,0,0.19);\" srcset=\"https:\/\/ciudaddelfuturo.science-bits.com\/wp-content\/uploads\/wp-links-page\/Ciudadesinteligentesysostenibles1655127702-300x209.jpg 300w, https:\/\/ciudaddelfuturo.science-bits.com\/wp-content\/uploads\/wp-links-page\/Ciudadesinteligentesysostenibles1655127702.jpg 500w\" sizes=\"auto, (max-width: 300px) 100vw, 300px\" \/>\r\n\t\t\t\t<p class=\"wplf_display\" style=\"font-weight: bold; font-size: 15px; text-align: center\" >Ciudades inteligentes y sostenibles<\/p>\r\n\t\t\t\t<\/a>\r\n\t\t\t\t<\/div>\r\n\t\t\t\t<\/figure><figure id=\"gallery-item-2\" class=\"gallery-item wplf-item\">\r\n\t\t\t\t<div class=\"gallery-icon landscape\">\r\n\t\t\t\t<a class=\"wplf_link\" href=\"https:\/\/blogs.iadb.org\/sostenibilidad\/es\/lo-que-pasa-con-la-naturaleza-es-determinante-para-las-ciudades\/\" target=\"_blank\">\r\n\t\t\t\t<img loading=\"lazy\" decoding=\"async\" width=\"300\" height=\"209\" src=\"https:\/\/ciudaddelfuturo.science-bits.com\/wp-content\/uploads\/wp-links-page\/CiudadesyNaturalezaconstruyendounanuevanarrativahaciaelurbanismoecolgico1655127895-300x209.jpg\" class=\"attachment-medium size-medium\" alt=\"\" style=\"border: 3px solid black; box-shadow: 0 5px 10px 0 rgba(0,0,0,0.2),0 5px 15px 0 rgba(0,0,0,0.19);\" srcset=\"https:\/\/ciudaddelfuturo.science-bits.com\/wp-content\/uploads\/wp-links-page\/CiudadesyNaturalezaconstruyendounanuevanarrativahaciaelurbanismoecolgico1655127895-300x209.jpg 300w, https:\/\/ciudaddelfuturo.science-bits.com\/wp-content\/uploads\/wp-links-page\/CiudadesyNaturalezaconstruyendounanuevanarrativahaciaelurbanismoecolgico1655127895.jpg 500w\" sizes=\"auto, (max-width: 300px) 100vw, 300px\" \/>\r\n\t\t\t\t<p class=\"wplf_display\" style=\"font-weight: bold; font-size: 15px; text-align: center\" >Ciudades y Naturaleza, construyendo una nueva narrativa hacia el urbanismo ecol\u00f3gico<\/p>\r\n\t\t\t\t<\/a>\r\n\t\t\t\t<\/div>\r\n\t\t\t\t<\/figure><figure id=\"gallery-item-3\" class=\"gallery-item wplf-item\">\r\n\t\t\t\t<div class=\"gallery-icon landscape\">\r\n\t\t\t\t<a class=\"wplf_link\" href=\"https:\/\/ovacen.com\/directrices-ecologicas-ciudades-sostenibles\/\" target=\"_blank\">\r\n\t\t\t\t<img loading=\"lazy\" decoding=\"async\" width=\"300\" height=\"209\" src=\"https:\/\/ciudaddelfuturo.science-bits.com\/wp-content\/uploads\/wp-links-page\/DirectricesEcolgicasCiudadesSostenibles1655127647-300x209.jpg\" class=\"attachment-medium size-medium\" alt=\"\" style=\"border: 3px solid black; box-shadow: 0 5px 10px 0 rgba(0,0,0,0.2),0 5px 15px 0 rgba(0,0,0,0.19);\" srcset=\"https:\/\/ciudaddelfuturo.science-bits.com\/wp-content\/uploads\/wp-links-page\/DirectricesEcolgicasCiudadesSostenibles1655127647-300x209.jpg 300w, https:\/\/ciudaddelfuturo.science-bits.com\/wp-content\/uploads\/wp-links-page\/DirectricesEcolgicasCiudadesSostenibles1655127647.jpg 500w\" sizes=\"auto, (max-width: 300px) 100vw, 300px\" \/>\r\n\t\t\t\t<p class=\"wplf_display\" style=\"font-weight: bold; font-size: 15px; text-align: center\" >Directrices Ecol\u00f3gicas Ciudades Sostenibles<\/p>\r\n\t\t\t\t<\/a>\r\n\t\t\t\t<\/div>\r\n\t\t\t\t<\/figure><\/div><div style=\"clear:both;\"><\/div>\n\n\n<div class=\"gb-container gb-container-aaaec6be\"><div class=\"gb-inside-container\">\n\n<div class=\"wp-block-columns is-layout-flex wp-container-core-columns-is-layout-9d6595d7 wp-block-columns-is-layout-flex\">\n<div class=\"wp-block-column is-vertically-aligned-center is-layout-flow wp-block-column-is-layout-flow\" style=\"flex-basis:33.33%\">\n<p class=\"has-text-align-right\">En particular, los alentamos a leer el siguiente documento, una publicaci\u00f3n\u00a0de la Direcci\u00f3n General de Medio Ambiente de la Comisi\u00f3n Europea:\u00a0<\/p>\n\n\n\n<p class=\"has-text-align-right\"><a href=\"https:\/\/pagina.jccm.es\/europa\/pdf\/PUBLICACIONES\/2018%2052%20medidas%20para%20una%20ciudad%20mas%20ecologica.pdf\" target=\"_blank\" rel=\"noreferrer noopener\"><strong>Descargar Documento &lt;&#8212;-<\/strong><\/a><\/p>\n<\/div>\n\n\n\n<div class=\"wp-block-column is-layout-flow wp-block-column-is-layout-flow\" style=\"flex-basis:66.66%\"><a href=\"https:\/\/ciudaddelfuturo.science-bits.com\/wp-content\/uploads\/2022\/06\/2018-52-medidas-para-una-ciudad-mas-ecologica.pdf\" class=\"pdfemb-viewer\" style=\"\" data-width=\"max\" data-height=\"max\" data-toolbar=\"bottom\" data-toolbar-fixed=\"off\">2018-52-medidas-para-una-ciudad-mas-ecologica<\/a>\n<p class=\"wp-block-pdfemb-pdf-embedder-viewer\"><\/p>\n<\/div>\n<\/div>\n\n<\/div><\/div>\n<\/div><\/div>\n\n\n<p>El objetivo, entonces, es proponer ideas y soluciones que permitan mejorar el medio ambiente en nuestro \u00e1mbito de influencia. Cada colegio puede decidir cu\u00e1l ser\u00e1 el espacio de aplicaci\u00f3n de estas soluciones,\u00a0si es su comunidad inmediata de la escuela, barrio o localidad, si prefieren proponer soluciones m\u00e1s globales para la ciudad, etc.\u00a0<\/p>\n\n\n\n<p><\/p>\n\n\n\n<h2 class=\"gb-headline gb-headline-6bee5ad5 gb-headline-text\"><strong>Definici\u00f3n del Contexto<\/strong> <\/h2>\n\n\n\n<p>En esta primera parte de la consigna, les pedimos definan claramente el contexto en el cual estar\u00e1n aplic\u00e1ndose estas soluciones. Determinar:<\/p>\n\n\n\n<ul class=\"wp-block-list\"><li><strong>\u00c1rea geogr\u00e1fica<\/strong><\/li><li><strong>Poblaci\u00f3n impactada<\/strong><\/li><\/ul>\n\n\n\n<p>Les recordamos que se trata de un proyecto de aprendizaje, y que lo m\u00e1s importante es lo que hemos aprendido y la conciencia generada, por lo cual no hay ning\u00fan prerrequisito respecto a tama\u00f1o o cantidad de personas impactadas<\/p>\n\n\n\n<h2 class=\"gb-headline gb-headline-936bbf1a gb-headline-text\"><strong>Propuesta de Soluciones<\/strong> <\/h2>\n\n\n\n<p>Una vez definido el contexto y el \u00e1mbito de aplicaci\u00f3n de las soluciones, ya es momento de proponer algunas ideas para mejorar el impacto ambiental en ese lugar. Les proponemos nos env\u00eden sus ideas iniciales de soluciones, en base a la siguiente consigna. Para poder evaluar mejor sus soluciones y darles feedback al respecto, les pedimos que respeten lo m\u00e1s posible cada uno de los \u00edtems se\u00f1alados a continuaci\u00f3n.<\/p>\n\n\n\n<ul class=\"wp-block-list\"><li><strong>Nombre o t\u00edtulo de la soluci\u00f3n propuesta.<\/strong><\/li><li><strong>Descripci\u00f3n de en qu\u00e9 consiste la propuesta.<\/strong><\/li><li><strong>Problema que intenta solucionar o mejorar.<\/strong><\/li><li><strong>Breve plan de desarrollo e implementaci\u00f3n de la misma, incluyendo materiales, y eventualmente costos.<\/strong><\/li><li><strong>Impacto estimado de la soluci\u00f3n, incluyendo tiempos previstos.<\/strong><\/li><\/ul>\n\n\n\n<p><em><strong>NOTA<\/strong> <strong>IMPORTANTE<\/strong>: El material que env\u00eden no ser\u00e1 una soluci\u00f3n definitiva sino que tendr\u00e1n una oportunidad para mejorarlo en funci\u00f3n del feedback recibido. Estaremos compartiendo lo que nos env\u00eden con el resto de los colegios participantes, por lo que les pedimos que lo tengan en cuenta al enviar el material.<\/em><\/p>\n\n\n\n<p>Pueden agregar, desde ya, esquemas, gr\u00e1ficos, fotograf\u00edas, y todo aquello que consideren pueda resultar relevante para la idea propuesta.<\/p>\n\n\n\n<p>Por favor enviar sus respuestas, como siempre en un PDF, a <a href=\"mailto:cfsciencebits@thelearnerspace.org\">cfsciencebits@thelearnerspace.org<\/a> <\/p>\n\n<\/div><\/div>\n\n<div class=\"gb-container gb-container-ce5e6a44\"><div class=\"gb-inside-container\"><\/div><\/div>\n<\/div><\/div><\/div>","protected":false},"excerpt":{"rendered":"<p>\u00a1Bienvenidos a la Cuarta Etapa del Proyecto Ciudad del Futuro Science Bits! Esperamos les hayan resultado interesantes los desaf\u00edos hasta ahora, y ha llegado el momento de pasar de la investigaci\u00f3n a la acci\u00f3n. La idea del proyecto era investigar las causas y efectos del cambio clim\u00e1tico, sobre todo teniendo en cuenta el impacto de &#8230; <a title=\"https:\/\/ovacen.com\/directrices-ecologicas-ciudades-sostenibles\/\" class=\"read-more\" href=\"https:\/\/ciudaddelfuturo.science-bits.com\/?wplp_link=https-ovacen-com-directrices-ecologicas-ciudades-sostenibles\" aria-label=\"M\u00e1s en https:\/\/ovacen.com\/directrices-ecologicas-ciudades-sostenibles\/\">Leer m\u00e1s<\/a><\/p>\n","protected":false},"author":3,"featured_media":0,"parent":0,"menu_order":0,"comment_status":"closed","ping_status":"closed","template":"","meta":{"footnotes":""},"class_list":["post-1015","page","type-page","status-publish","hentry"],"_links":{"self":[{"href":"https:\/\/ciudaddelfuturo.science-bits.com\/index.php?rest_route=\/wp\/v2\/pages\/1015","targetHints":{"allow":["GET"]}}],"collection":[{"href":"https:\/\/ciudaddelfuturo.science-bits.com\/index.php?rest_route=\/wp\/v2\/pages"}],"about":[{"href":"https:\/\/ciudaddelfuturo.science-bits.com\/index.php?rest_route=\/wp\/v2\/types\/page"}],"author":[{"embeddable":true,"href":"https:\/\/ciudaddelfuturo.science-bits.com\/index.php?rest_route=\/wp\/v2\/users\/3"}],"replies":[{"embeddable":true,"href":"https:\/\/ciudaddelfuturo.science-bits.com\/index.php?rest_route=%2Fwp%2Fv2%2Fcomments&post=1015"}],"version-history":[{"count":4,"href":"https:\/\/ciudaddelfuturo.science-bits.com\/index.php?rest_route=\/wp\/v2\/pages\/1015\/revisions"}],"predecessor-version":[{"id":1030,"href":"https:\/\/ciudaddelfuturo.science-bits.com\/index.php?rest_route=\/wp\/v2\/pages\/1015\/revisions\/1030"}],"wp:attachment":[{"href":"https:\/\/ciudaddelfuturo.science-bits.com\/index.php?rest_route=%2Fwp%2Fv2%2Fmedia&parent=1015"}],"curies":[{"name":"wp","href":"https:\/\/api.w.org\/{rel}","templated":true}]}}